{"id":2,"date":"2018-10-02T08:54:29","date_gmt":"2018-10-02T08:54:29","guid":{"rendered":"https:\/\/imbrechts.be\/fr\/?page_id=2"},"modified":"2023-08-29T19:11:09","modified_gmt":"2023-08-29T19:11:09","slug":"home","status":"publish","type":"page","link":"https:\/\/imbrechts.be\/fr\/","title":{"rendered":"Accueil"},"content":{"rendered":"[vc_row css=&#8221;.vc_custom_1538662650554{margin-top: -30px !important;}&#8221;][vc_column css=&#8221;.vc_custom_1538721664644{margin-bottom: -40px !important;}&#8221;][rev_slider_vc alias=&#8221;home&#8221;][\/vc_column][\/vc_row][vc_row][vc_column width=&#8221;1\/2&#8243; css=&#8221;.vc_custom_1693336222648{background-image: url(https:\/\/imbrechts.be\/fr\/wp-content\/uploads\/2018\/10\/Schermafbeelding-2018-10-04-om-16.22.00.png?id=111) !important;background-position: center !important;background-repeat: no-repeat !important;background-size: cover !important;}&#8221; offset=&#8221;vc_hidden-xs&#8221;][vc_row_inner][vc_column_inner css=&#8221;.vc_custom_1538731503645{margin-top: -35px !important;background-color: rgba(93,178,64,0.75) !important;*background-color: rgb(93,178,64) !important;}&#8221;][vc_empty_space][vc_icon icon_fontawesome=&#8221;fa fa-lightbulb-o&#8221; color=&#8221;custom&#8221; background_style=&#8221;rounded&#8221; background_color=&#8221;custom&#8221; align=&#8221;center&#8221; custom_color=&#8221;#ffffff&#8221; custom_background_color=&#8221;rgba(255,255,255,0.2)&#8221; link=&#8221;url:%2Ffr%2Flocation-panneau-de-signalisation%2F|||&#8221;][vc_empty_space][\/vc_column_inner][\/vc_row_inner][\/vc_column][vc_column width=&#8221;1\/2&#8243; css=&#8221;.vc_custom_1693336226515{background-image: url(https:\/\/imbrechts.be\/fr\/wp-content\/uploads\/2018\/10\/WP_20180816_21_07_38_Pro1.jpg?id=36) !important;background-position: center !important;background-repeat: no-repeat !important;background-size: cover !important;}&#8221; offset=&#8221;vc_hidden-xs&#8221;][vc_row_inner][vc_column_inner css=&#8221;.vc_custom_1538479638183{margin-top: -35px !important;background-color: rgba(2,161,207,0.75) !important;*background-color: rgb(2,161,207) !important;}&#8221;][vc_empty_space][vc_icon icon_fontawesome=&#8221;fa fa-car&#8221; color=&#8221;custom&#8221; background_style=&#8221;rounded&#8221; background_color=&#8221;custom&#8221; align=&#8221;center&#8221; custom_color=&#8221;#ffffff&#8221; custom_background_color=&#8221;rgba(255,255,255,0.2)&#8221; link=&#8221;url:%2Ffr%2Flocation-panneau-de-signalisation%2F|||&#8221;][vc_empty_space][\/vc_column_inner][\/vc_row_inner][\/vc_column][\/vc_row][vc_row equal_height=&#8221;yes&#8221;][vc_column width=&#8221;1\/2&#8243; css=&#8221;.vc_custom_1538722499853{background-color: #fcfcfc !important;}&#8221;][vc_column_text]\n<h3 style=\"text-align: center;\"><a href=\"\/fr\/location-panneau-de-signalisation\/\"><span style=\"color: #283443;\">d\u00e9m\u00e9nagez-vous?<\/span><\/a><\/h3>\n<p style=\"text-align: center;\">Nous fournissons <a href=\"\/fr\/location-panneau-de-signalisation\/\">les panneaux de stationnement<\/a> et <a href=\"\/fr\/location-panneau-de-signalisation\/\">les panneaux de signalisation<\/a> n\u00e9cessaires.<\/p>\n[\/vc_column_text][\/vc_column][vc_column width=&#8221;1\/2&#8243; css=&#8221;.vc_custom_1538722296726{background-color: #ffffff !important;}&#8221;][vc_column_text]\n<h3 style=\"text-align: center;\"><a href=\"\/fr\/location-panneau-de-signalisation\/\"><span style=\"color: #283443;\">Planifiez vous des traveaux?<\/span><\/a><\/h3>\n<p style=\"text-align: center;\">Notre <a href=\"\/fr\/location-panneau-de-signalisation\/\">gamme de produits<\/a> contient tout le n\u00e9cessaire pour signaler et s\u00e9curiser les routes et des chantiers.<\/p>\n[\/vc_column_text][\/vc_column][\/vc_row][vc_row equal_height=&#8221;yes&#8221; css=&#8221;.vc_custom_1538723730646{margin-top: 30px !important;}&#8221;][vc_column css=&#8221;.vc_custom_1538731075313{background-color: #f6f3ec !important;}&#8221;][vc_column_text css=&#8221;.vc_custom_1577923713953{margin-top: 10px !important;padding-left: 20px !important;}&#8221;]\n<h1>Voulez-vous louer des panneaux de signalisation?<\/h1>\n[\/vc_column_text][vc_separator color=&#8221;white&#8221; style=&#8221;shadow&#8221; css=&#8221;.vc_custom_1538723999510{margin-top: 25px !important;}&#8221;][vc_column_text css=&#8221;.vc_custom_1693336243324{padding-right: 20px !important;padding-left: 20px !important;}&#8221;]<span style=\"font-size: 115%;\"><i class=\"wp-svg-checkmark-2 checkmark-2\"><\/i>\u00a0Les panneaux de signalisation sont plac\u00e9s et r\u00e9cup\u00e9r\u00e9s par nous.<\/span><\/p>\n<p><span style=\"font-size: 115%;\"><i class=\"wp-svg-checkmark-2 checkmark-2\"><\/i> Donnez les dates et heures de l&#8217;interdiction de stationnement et nous les noterons sur les panneaux de stationnement.<\/span><\/p>\n<p><span style=\"font-size: 115%;\"><i class=\"wp-svg-checkmark-2 checkmark-2\"><\/i> Les panneaux de signalisation r\u00e9pondent aux derni\u00e8res normes.<\/span><\/p>\n<p><strong><span style=\"font-size: 115%;\"><i class=\"wp-svg-checkmark-2 checkmark-2\"><\/i> A partir de 89 euros \/ semaine, placement et r\u00e9cup\u00e9ration compris (TVA incl.)<\/span><\/strong><\/p>\n<p><span style=\"font-size: 115%;\"><i class=\"wp-svg-checkmark-2 checkmark-2\"><\/i> Pour des p\u00e9riodes de location plus longues, nous offrons des prix ajust\u00e9 sur demande.<\/span><\/p>\n<p><span style=\"font-size: 115%;\"><i class=\"wp-svg-checkmark-2 checkmark-2\"><\/i> Une large gamme de panneaux de signalisation \u00e0 des prix de location tr\u00e8s comp\u00e9titifs.<\/span>[\/vc_column_text][\/vc_column][\/vc_row][vc_row full_width=&#8221;stretch_row_content_no_spaces&#8221; css=&#8221;.vc_custom_1644222622637{margin-top: -50px !important;margin-bottom: -55px !important;padding-top: 40px !important;background-image: url(https:\/\/imbrechts.be\/fr\/wp-content\/uploads\/2018\/10\/home-car-1.jpg?id=146) !important;background-position: center !important;background-repeat: no-repeat !important;background-size: cover !important;}&#8221;][vc_column][vc_column_text css=&#8221;.vc_custom_1577923996735{margin-top: 70px !important;}&#8221;]\n<h2 style=\"text-align: center;\"><span style=\"color: #283443;\">De quoi avez-vous besoin?<\/span><\/h2>\n<p style=\"text-align: center;\">Faites-nous savoir comment nous pouvons vous aider et nous vous contacterons d\u00e8s que possible.<\/p>\n[\/vc_column_text][vc_row_inner equal_height=&#8221;yes&#8221; gap=&#8221;5&#8243;][vc_column_inner css=&#8221;.vc_custom_1538731187921{background-color: #5db240 !important;}&#8221;][vc_column_text]\n<p style=\"text-align: center;\"><a href=\"\/fr\/location-panneau-de-signalisation\/\"><strong><span style=\"color: #ffffff; font-size: 115%;\">Location des panneaux d&#8217;interdiction de stationnement<\/span><\/strong><\/a><\/p>\n<p style=\"text-align: center;\"><a href=\"\/fr\/\/contact\/#1540997446279-f86ae829-5a1f\"><span style=\"color: #ffffff;\">Prix \u00e0 partir de \u20ac89\/semaine<\/span><\/a><\/p>\n[\/vc_column_text][\/vc_column_inner][\/vc_row_inner][vc_row_inner equal_height=&#8221;yes&#8221; gap=&#8221;5&#8243; css=&#8221;.vc_custom_1538732714055{margin-top: -5px !important;}&#8221;][vc_column_inner css=&#8221;.vc_custom_1538762477505{background-color: #fcfcfc !important;}&#8221; offset=&#8221;vc_hidden-xs&#8221;][vc_empty_space height=&#8221;15px&#8221;][vc_btn title=&#8221;Panneaux de stationnement&#8221; style=&#8221;outline-custom&#8221; outline_custom_color=&#8221;#5db240&#8243; outline_custom_hover_background=&#8221;#5db240&#8243; outline_custom_hover_text=&#8221;#ffffff&#8221; align=&#8221;center&#8221; css_animation=&#8221;fadeIn&#8221; link=&#8221;url:%2Ffr%2Flocation-panneau-de-signalisation%2F|||&#8221;][vc_empty_space height=&#8221;15px&#8221;][\/vc_column_inner][\/vc_row_inner][\/vc_column][\/vc_row]\n","protected":false},"excerpt":{"rendered":"[vc_row css=&#8221;.vc_custom_1538662650554{margin-top: -30px !important;}&#8221;][vc_column css=&#8221;.vc_custom_1538721664644{margin-bottom: -40px !important;}&#8221;][rev_slider_vc alias=&#8221;home&#8221;][\/vc_column][\/vc_row][vc_row][vc_column width=&#8221;1\/2&#8243; css=&#8221;.vc_custom_1693336222648{background-image: url(https:\/\/imbrechts.be\/fr\/wp-content\/uploads\/2018\/10\/Schermafbeelding-2018-10-04-om-16.22.00.png?id=111) !important;background-position: center !important;background-repeat: no-repeat !important;background-size: cover !important;}&#8221; offset=&#8221;vc_hidden-xs&#8221;][vc_row_inner][vc_column_inner css=&#8221;.vc_custom_1538731503645{margin-top: -35px !important;background-color: rgba(93,178,64,0.75) !important;*background-color: rgb(93,178,64) !important;}&#8221;][vc_empty_space][vc_icon icon_fontawesome=&#8221;fa fa-lightbulb-o&#8221; color=&#8221;custom&#8221; background_style=&#8221;rounded&#8221; background_color=&#8221;custom&#8221; align=&#8221;center&#8221; custom_color=&#8221;#ffffff&#8221; custom_background_color=&#8221;rgba(255,255,255,0.2)&#8221; link=&#8221;url:%2Ffr%2Flocation-panneau-de-signalisation%2F|||&#8221;][vc_empty_space][\/vc_column_inner][\/vc_row_inner][\/vc_column][vc_column width=&#8221;1\/2&#8243; css=&#8221;.vc_custom_1693336226515{background-image: url(https:\/\/imbrechts.be\/fr\/wp-content\/uploads\/2018\/10\/WP_20180816_21_07_38_Pro1.jpg?id=36) !important;background-position: center !important;background-repeat: no-repeat !important;background-size: cover !important;}&#8221; offset=&#8221;vc_hidden-xs&#8221;][vc_row_inner][vc_column_inner css=&#8221;.vc_custom_1538479638183{margin-top: -35px !important;background-color: rgba(2,161,207,0.75) !important;*background-color: rgb(2,161,207) !important;}&#8221;][vc_empty_space][vc_icon icon_fontawesome=&#8221;fa fa-car&#8221; [&#8230;]\n","protected":false},"author":1,"featured_media":0,"parent":0,"menu_order":0,"comment_status":"closed","ping_status":"open","template":"","meta":{"footnotes":""},"class_list":["post-2","page","type-page","status-publish","hentry"],"yoast_head":"<!-- This site is optimized with the Yoast SEO plugin v27.5 - https:\/\/yoast.com\/product\/yoast-seo-wordpress\/ -->\n<title>Location des panneaux de stationnement \u2022\u00a0Panneaux de signalisation<\/title>\n<meta name=\"description\" content=\"Voulez-vous louer des panneaux de signalisation? Panneaux de stationnement? Signalisation du site &amp; routier\u00e8? Location des panneaux de stationnement.\" \/>\n<meta name=\"robots\" content=\"index, follow, max-snippet:-1, max-image-preview:large, max-video-preview:-1\" \/>\n<link rel=\"canonical\" href=\"https:\/\/imbrechts.be\/fr\/\" \/>\n<meta property=\"og:locale\" content=\"nl_NL\" \/>\n<meta property=\"og:type\" content=\"article\" \/>\n<meta property=\"og:title\" content=\"Location des panneaux de stationnement \u2022\u00a0Panneaux de signalisation\" \/>\n<meta property=\"og:description\" content=\"Voulez-vous louer des panneaux de signalisation? Panneaux de stationnement? Signalisation du site &amp; routier\u00e8? Location des panneaux de stationnement.\" \/>\n<meta property=\"og:url\" content=\"https:\/\/imbrechts.be\/fr\/\" \/>\n<meta property=\"og:site_name\" content=\"louer des panneaux de signalisation\" \/>\n<meta property=\"article:modified_time\" content=\"2023-08-29T19:11:09+00:00\" \/>\n<meta name=\"twitter:card\" content=\"summary_large_image\" \/>\n<meta name=\"twitter:label1\" content=\"Geschatte leestijd\" \/>\n\t<meta name=\"twitter:data1\" content=\"2 minuten\" \/>\n<script type=\"application\/ld+json\" class=\"yoast-schema-graph\">{\"@context\":\"https:\\\/\\\/schema.org\",\"@graph\":[{\"@type\":\"WebPage\",\"@id\":\"https:\\\/\\\/imbrechts.be\\\/fr\\\/\",\"url\":\"https:\\\/\\\/imbrechts.be\\\/fr\\\/\",\"name\":\"Location des panneaux de stationnement \u2022\u00a0Panneaux de signalisation\",\"isPartOf\":{\"@id\":\"https:\\\/\\\/imbrechts.be\\\/fr\\\/#website\"},\"datePublished\":\"2018-10-02T08:54:29+00:00\",\"dateModified\":\"2023-08-29T19:11:09+00:00\",\"description\":\"Voulez-vous louer des panneaux de signalisation? Panneaux de stationnement? Signalisation du site & routier\u00e8? Location des panneaux de stationnement.\",\"breadcrumb\":{\"@id\":\"https:\\\/\\\/imbrechts.be\\\/fr\\\/#breadcrumb\"},\"inLanguage\":\"nl-NL\",\"potentialAction\":[{\"@type\":\"ReadAction\",\"target\":[\"https:\\\/\\\/imbrechts.be\\\/fr\\\/\"]}]},{\"@type\":\"BreadcrumbList\",\"@id\":\"https:\\\/\\\/imbrechts.be\\\/fr\\\/#breadcrumb\",\"itemListElement\":[{\"@type\":\"ListItem\",\"position\":1,\"name\":\"Home\",\"item\":\"https:\\\/\\\/imbrechts.be\\\/fr\\\/\"},{\"@type\":\"ListItem\",\"position\":2,\"name\":\"Accueil\"}]},{\"@type\":\"WebSite\",\"@id\":\"https:\\\/\\\/imbrechts.be\\\/fr\\\/#website\",\"url\":\"https:\\\/\\\/imbrechts.be\\\/fr\\\/\",\"name\":\"louer des panneaux de signalisation\",\"description\":\"louer des panneaux de signalisation\",\"potentialAction\":[{\"@type\":\"SearchAction\",\"target\":{\"@type\":\"EntryPoint\",\"urlTemplate\":\"https:\\\/\\\/imbrechts.be\\\/fr\\\/?s={search_term_string}\"},\"query-input\":{\"@type\":\"PropertyValueSpecification\",\"valueRequired\":true,\"valueName\":\"search_term_string\"}}],\"inLanguage\":\"nl-NL\"}]}<\/script>\n<!-- \/ Yoast SEO plugin. -->","yoast_head_json":{"title":"Location des panneaux de stationnement \u2022\u00a0Panneaux de signalisation","description":"Voulez-vous louer des panneaux de signalisation? Panneaux de stationnement? Signalisation du site & routier\u00e8? Location des panneaux de stationnement.","robots":{"index":"index","follow":"follow","max-snippet":"max-snippet:-1","max-image-preview":"max-image-preview:large","max-video-preview":"max-video-preview:-1"},"canonical":"https:\/\/imbrechts.be\/fr\/","og_locale":"nl_NL","og_type":"article","og_title":"Location des panneaux de stationnement \u2022\u00a0Panneaux de signalisation","og_description":"Voulez-vous louer des panneaux de signalisation? Panneaux de stationnement? Signalisation du site & routier\u00e8? Location des panneaux de stationnement.","og_url":"https:\/\/imbrechts.be\/fr\/","og_site_name":"louer des panneaux de signalisation","article_modified_time":"2023-08-29T19:11:09+00:00","twitter_card":"summary_large_image","twitter_misc":{"Geschatte leestijd":"2 minuten"},"schema":{"@context":"https:\/\/schema.org","@graph":[{"@type":"WebPage","@id":"https:\/\/imbrechts.be\/fr\/","url":"https:\/\/imbrechts.be\/fr\/","name":"Location des panneaux de stationnement \u2022\u00a0Panneaux de signalisation","isPartOf":{"@id":"https:\/\/imbrechts.be\/fr\/#website"},"datePublished":"2018-10-02T08:54:29+00:00","dateModified":"2023-08-29T19:11:09+00:00","description":"Voulez-vous louer des panneaux de signalisation? Panneaux de stationnement? Signalisation du site & routier\u00e8? Location des panneaux de stationnement.","breadcrumb":{"@id":"https:\/\/imbrechts.be\/fr\/#breadcrumb"},"inLanguage":"nl-NL","potentialAction":[{"@type":"ReadAction","target":["https:\/\/imbrechts.be\/fr\/"]}]},{"@type":"BreadcrumbList","@id":"https:\/\/imbrechts.be\/fr\/#breadcrumb","itemListElement":[{"@type":"ListItem","position":1,"name":"Home","item":"https:\/\/imbrechts.be\/fr\/"},{"@type":"ListItem","position":2,"name":"Accueil"}]},{"@type":"WebSite","@id":"https:\/\/imbrechts.be\/fr\/#website","url":"https:\/\/imbrechts.be\/fr\/","name":"louer des panneaux de signalisation","description":"louer des panneaux de signalisation","potentialAction":[{"@type":"SearchAction","target":{"@type":"EntryPoint","urlTemplate":"https:\/\/imbrechts.be\/fr\/?s={search_term_string}"},"query-input":{"@type":"PropertyValueSpecification","valueRequired":true,"valueName":"search_term_string"}}],"inLanguage":"nl-NL"}]}},"_links":{"self":[{"href":"https:\/\/imbrechts.be\/fr\/wp-json\/wp\/v2\/pages\/2","targetHints":{"allow":["GET"]}}],"collection":[{"href":"https:\/\/imbrechts.be\/fr\/wp-json\/wp\/v2\/pages"}],"about":[{"href":"https:\/\/imbrechts.be\/fr\/wp-json\/wp\/v2\/types\/page"}],"author":[{"embeddable":true,"href":"https:\/\/imbrechts.be\/fr\/wp-json\/wp\/v2\/users\/1"}],"replies":[{"embeddable":true,"href":"https:\/\/imbrechts.be\/fr\/wp-json\/wp\/v2\/comments?post=2"}],"version-history":[{"count":5,"href":"https:\/\/imbrechts.be\/fr\/wp-json\/wp\/v2\/pages\/2\/revisions"}],"predecessor-version":[{"id":796,"href":"https:\/\/imbrechts.be\/fr\/wp-json\/wp\/v2\/pages\/2\/revisions\/796"}],"wp:attachment":[{"href":"https:\/\/imbrechts.be\/fr\/wp-json\/wp\/v2\/media?parent=2"}],"curies":[{"name":"wp","href":"https:\/\/api.w.org\/{rel}","templated":true}]}}