{"id":754,"date":"2023-08-29T19:09:33","date_gmt":"2023-08-29T19:09:33","guid":{"rendered":"https:\/\/imbrechts.be\/fr\/location-panneau-de-signalisation-forest\/"},"modified":"2023-08-29T19:09:33","modified_gmt":"2023-08-29T19:09:33","slug":"location-panneau-de-signalisation-forest","status":"publish","type":"page","link":"https:\/\/imbrechts.be\/fr\/location-panneau-de-signalisation-forest\/","title":{"rendered":"Location panneau de signalisation Forest"},"content":{"rendered":"[vc_row full_width=&#8221;stretch_row&#8221; css=&#8221;.vc_custom_1538761897286{margin-top: -30px !important;margin-bottom: -30px !important;background-color: #283443 !important;}&#8221;][vc_column width=&#8221;1\/6&#8243;][\/vc_column][vc_column width=&#8221;2\/3&#8243;][vc_column_text css=&#8221;.vc_custom_1576929805316{margin-top: 10px !important;}&#8221;]\n<h1 style=\"text-align: center;\"><span style=\"color: #ffffff;\"><strong>Voulez-vous louer des panneaux de signalisation?<\/strong> Location panneaux de signalisation, panneaux de stationement et signalisation du site \u00e0 <strong>Forest<\/strong>.<\/span><\/h1>\n<h3 style=\"text-align: center;\"><span style=\"font-size: 120%; color: #65cc3c;\"><strong>A partir de 89 euros \/ semaine, placement et r\u00e9cup\u00e9ration compris (TVA incl.)<\/strong><\/span><\/h3>\n[\/vc_column_text][vc_row_inner][vc_column_inner width=&#8221;1\/2&#8243;][vc_btn title=&#8221;Commander des panneaux de stationnement \u00e0 Forest&#8221; style=&#8221;outline-custom&#8221; outline_custom_color=&#8221;#ffffff&#8221; outline_custom_hover_background=&#8221;#ffffff&#8221; outline_custom_hover_text=&#8221;#65cc3c&#8221; size=&#8221;lg&#8221; align=&#8221;center&#8221; i_icon_fontawesome=&#8221;fa fa-check-square-o&#8221; add_icon=&#8221;true&#8221; link=&#8221;url:%2Ffr%2Fcontact%2F%231540997446269-f86ae829-5a1f|||&#8221; css=&#8221;.vc_custom_1576929514531{padding-bottom: 20px !important;}&#8221;][\/vc_column_inner][vc_column_inner width=&#8221;1\/2&#8243;][vc_btn title=&#8221;Commander des panneaux de signalisation \u00e0 Forest&#8221; style=&#8221;outline-custom&#8221; outline_custom_color=&#8221;#ffffff&#8221; outline_custom_hover_background=&#8221;#ffffff&#8221; outline_custom_hover_text=&#8221;#65cc3c&#8221; size=&#8221;lg&#8221; align=&#8221;center&#8221; i_icon_fontawesome=&#8221;fa fa-check-square-o&#8221; add_icon=&#8221;true&#8221; link=&#8221;url:%2Ffr%2Fcontact%2F%231540997393174-426cd8f9-70b9|||&#8221; css=&#8221;.vc_custom_1576929518517{padding-bottom: 20px !important;}&#8221;][\/vc_column_inner][\/vc_row_inner][\/vc_column][vc_column width=&#8221;1\/6&#8243;][\/vc_column][\/vc_row][vc_row css=&#8221;.vc_custom_1538759793279{padding-top: 30px !important;}&#8221;][vc_column][vc_tta_tabs alignment=&#8221;center&#8221; active_section=&#8221;1&#8243; no_fill_content_area=&#8221;true&#8221;][vc_tta_section title=&#8221;La gamme panneaux de signalisation&#8221; tab_id=&#8221;1538758409984-6ee23e98-4c66&#8243;][vc_row_inner][vc_column_inner width=&#8221;1\/2&#8243;][vc_column_text css=&#8221;.vc_custom_1576929883538{margin-top: 20px !important;}&#8221;]\n<h2 style=\"text-align: left;\"><span style=\"color: #283443;\">Panneaux routier et panneaux de stationnement \u00e0 Forest<\/span><\/h2>\n<p>Nous avons tous les types de panneaux de signalisation, y compris les plus demand\u00e9s:<\/p>\n<ul>\n<li>E1: stationnement interdit<\/li>\n<li>E3: arr\u00eat et stationnement interdits<\/li>\n<li>A31: Traveaux<\/li>\n<li>D1: fl\u00e8che droite ou gauche inclin\u00e9 bas<\/li>\n<\/ul>\n[\/vc_column_text][\/vc_column_inner][vc_column_inner width=&#8221;1\/2&#8243;][vc_column_text css=&#8221;.vc_custom_1576929895010{margin-top: 20px !important;}&#8221;]\n<h2 style=\"text-align: left;\"><span style=\"color: #283443;\">Signalisation routi\u00e8re et chantier\u00a0<\/span><\/h2>\n<ul>\n<li>Rampe de franchissement passe-c\u00e2ble et plaques de roulage<\/li>\n<li>CL\u00d4TURE GRILLAG\u00c9E, CL\u00d4TURE GRILLAG\u00c9E EN PALPLANCHE, Barri\u00e8re de d\u00e9viation et de s\u00e9curit\u00e9<\/li>\n<li>Balises de jardin r\u00e9fl\u00e9chissantes et socles correspondants<\/li>\n<li>lampes de signalisataion de chantier<\/li>\n<li>Et bien d&#8217;autres &#8230;<\/li>\n<\/ul>\n[\/vc_column_text][\/vc_column_inner][\/vc_row_inner][\/vc_tta_section][vc_tta_section title=&#8221;Pratique&#8221; tab_id=&#8221;1538758432145-3d2e27d0-0507&#8243;][vc_row_inner][vc_column_inner][vc_column_text css=&#8221;.vc_custom_1576930014932{margin-top: 20px !important;}&#8221;]\n<h2 style=\"text-align: left;\"><span style=\"color: #283443;\">Pratique<br \/>\nLouer des panneaux de signalisation \u00e0 Forest?<br \/>\n<\/span><\/h2>\n<p>Nous pla\u00e7ons tous les panneaux de stationnement et les r\u00e9cup\u00e9rons apr\u00e8s:<\/p>\n<ul>\n<li>Les panneaux de stationnement sont install\u00e9s conform\u00e9ment aux r\u00e8gles l\u00e9gales prescrites.<\/li>\n<li>Les dates et heures souhait\u00e9es sont not\u00e9es sur les panneaux de stationnement des panneaux de stationnement.<\/li>\n<li><strong>Nous livrons vos photos par e-mail comme preuve de placement.<\/strong><\/li>\n<li>Les panneaux de stationnement sont r\u00e9cup\u00e9r\u00e9s \u00e0 la fin de la p\u00e9riode de location.<\/li>\n<li>Nous travaillons \u00e0 Forest.<\/li>\n<\/ul>\n[\/vc_column_text][\/vc_column_inner][\/vc_row_inner][\/vc_tta_section][vc_tta_section title=&#8221;Comment commander?&#8221; tab_id=&#8221;1538758410001-825e67b6-fd69&#8243;][vc_row_inner][vc_column_inner][vc_column_text css=&#8221;.vc_custom_1576929853614{margin-top: 20px !important;}&#8221;]\n<h2 style=\"text-align: left;\"><span style=\"color: #283443;\">Comment commander?<br \/>\nLouer des panneaux de signalisation \u00e0 Forest?<br \/>\n<\/span><\/h2>\n<p><strong>\u00c9tape 1:<\/strong> R\u00e9servez les panneaux requis via notre formulaire de r\u00e9servation. Le m\u00eame jour, vous recevrez un e-mail de confirmation avec tous les accords pratiques.<\/p>\n<p><strong>\u00c9tape 2:<\/strong> Nous apportons les assiettes \u00e0 venir et pouvons profiter d&#8217;un d\u00e9m\u00e9nagement, d&#8217;une livraison ou d&#8217;une r\u00e9novation sans faille!<\/p>\n<p><strong>\u00c9tape 3:<\/strong> Nous reprendrons les plaques \u00e0 la date et \u00e0 l&#8217;heure convenues.[\/vc_column_text][\/vc_column_inner][\/vc_row_inner][\/vc_tta_section][\/vc_tta_tabs][\/vc_column][\/vc_row][vc_row full_width=&#8221;stretch_row&#8221; css=&#8221;.vc_custom_1538762324453{margin-top: -40px !important;margin-bottom: -30px !important;background-color: #283443 !important;}&#8221;][vc_column width=&#8221;1\/6&#8243;][\/vc_column][vc_column width=&#8221;2\/3&#8243;][vc_row_inner][vc_column_inner width=&#8221;1\/2&#8243;][vc_btn title=&#8221;Commander des panneaux de stationnement \u00e0 Forest&#8221; style=&#8221;outline-custom&#8221; outline_custom_color=&#8221;#ffffff&#8221; outline_custom_hover_background=&#8221;#ffffff&#8221; outline_custom_hover_text=&#8221;#65cc3c&#8221; size=&#8221;lg&#8221; align=&#8221;center&#8221; i_icon_fontawesome=&#8221;fa fa-check-square-o&#8221; add_icon=&#8221;true&#8221; link=&#8221;url:%2Ffr%2Fcontact%2F%231540997446269-f86ae829-5a1f|||&#8221; css=&#8221;.vc_custom_1576929524299{padding-bottom: 20px !important;}&#8221;][\/vc_column_inner][vc_column_inner width=&#8221;1\/2&#8243;][vc_btn title=&#8221;Commander des panneaux de signalisation \u00e0 Forest&#8221; style=&#8221;outline-custom&#8221; outline_custom_color=&#8221;#ffffff&#8221; outline_custom_hover_background=&#8221;#ffffff&#8221; outline_custom_hover_text=&#8221;#65cc3c&#8221; size=&#8221;lg&#8221; align=&#8221;center&#8221; i_icon_fontawesome=&#8221;fa fa-check-square-o&#8221; add_icon=&#8221;true&#8221; link=&#8221;url:%2Ffr%2Fcontact%2F%231540997393174-426cd8f9-70b9|||&#8221; css=&#8221;.vc_custom_1576929528125{padding-bottom: 20px !important;}&#8221;][\/vc_column_inner][\/vc_row_inner][\/vc_column][vc_column width=&#8221;1\/6&#8243;][\/vc_column][\/vc_row][vc_row full_width=&#8221;stretch_row_content_no_spaces&#8221; css=&#8221;.vc_custom_1538761340422{margin-bottom: -90px !important;}&#8221;][vc_column][vc_media_grid element_width=&#8221;2&#8243; grid_id=&#8221;vc_gid:1576929900911-539a1e23-8df2-5&#8243; include=&#8221;108,107,106,105,84,109,85,111,101,92,93,103&#8243;][\/vc_column][\/vc_row]\n","protected":false},"excerpt":{"rendered":"[vc_row full_width=&#8221;stretch_row&#8221; css=&#8221;.vc_custom_1538761897286{margin-top: -30px !important;margin-bottom: -30px !important;background-color: #283443 !important;}&#8221;][vc_column width=&#8221;1\/6&#8243;][\/vc_column][vc_column width=&#8221;2\/3&#8243;][vc_column_text css=&#8221;.vc_custom_1576929805316{margin-top: 10px !important;}&#8221;] Voulez-vous louer des panneaux de signalisation? Location panneaux de signalisation, panneaux de stationement et signalisation du site \u00e0 Forest. A partir de 89 euros \/ semaine, placement et r\u00e9cup\u00e9ration compris (TVA incl.) [\/vc_column_text][vc_row_inner][vc_column_inner width=&#8221;1\/2&#8243;][vc_btn title=&#8221;Commander des panneaux de stationnement \u00e0 Forest&#8221; [&#8230;]\n","protected":false},"author":1,"featured_media":0,"parent":0,"menu_order":0,"comment_status":"closed","ping_status":"closed","template":"","meta":{"footnotes":""},"class_list":["post-754","page","type-page","status-publish","hentry"],"yoast_head":"<!-- This site is optimized with the Yoast SEO plugin v27.3 - https:\/\/yoast.com\/product\/yoast-seo-wordpress\/ -->\n<title>Panneaux de signalisation - Panneaux de stationement - Forest<\/title>\n<meta name=\"description\" content=\"Voulez-vous louer des panneaux de signalisation \u00e0 Forest? Location panneaux de signalisation, panneaux de stationement, signalisation routier\u00e8.\" \/>\n<meta name=\"robots\" content=\"index, follow, max-snippet:-1, max-image-preview:large, max-video-preview:-1\" \/>\n<link rel=\"canonical\" href=\"https:\/\/imbrechts.be\/fr\/location-panneau-de-signalisation-forest\/\" \/>\n<meta property=\"og:locale\" content=\"nl_NL\" \/>\n<meta property=\"og:type\" content=\"article\" \/>\n<meta property=\"og:title\" content=\"Panneaux de signalisation - Panneaux de stationement - Forest\" \/>\n<meta property=\"og:description\" content=\"Voulez-vous louer des panneaux de signalisation \u00e0 Forest? Location panneaux de signalisation, panneaux de stationement, signalisation routier\u00e8.\" \/>\n<meta property=\"og:url\" content=\"https:\/\/imbrechts.be\/fr\/location-panneau-de-signalisation-forest\/\" \/>\n<meta property=\"og:site_name\" content=\"louer des panneaux de signalisation\" \/>\n<meta name=\"twitter:card\" content=\"summary_large_image\" \/>\n<meta name=\"twitter:label1\" content=\"Geschatte leestijd\" \/>\n\t<meta name=\"twitter:data1\" content=\"2 minuten\" \/>\n<script type=\"application\/ld+json\" class=\"yoast-schema-graph\">{\"@context\":\"https:\\\/\\\/schema.org\",\"@graph\":[{\"@type\":\"WebPage\",\"@id\":\"https:\\\/\\\/imbrechts.be\\\/fr\\\/location-panneau-de-signalisation-forest\\\/\",\"url\":\"https:\\\/\\\/imbrechts.be\\\/fr\\\/location-panneau-de-signalisation-forest\\\/\",\"name\":\"Panneaux de signalisation - Panneaux de stationement - Forest\",\"isPartOf\":{\"@id\":\"https:\\\/\\\/imbrechts.be\\\/fr\\\/#website\"},\"datePublished\":\"2023-08-29T19:09:33+00:00\",\"description\":\"Voulez-vous louer des panneaux de signalisation \u00e0 Forest? Location panneaux de signalisation, panneaux de stationement, signalisation routier\u00e8.\",\"breadcrumb\":{\"@id\":\"https:\\\/\\\/imbrechts.be\\\/fr\\\/location-panneau-de-signalisation-forest\\\/#breadcrumb\"},\"inLanguage\":\"nl-NL\",\"potentialAction\":[{\"@type\":\"ReadAction\",\"target\":[\"https:\\\/\\\/imbrechts.be\\\/fr\\\/location-panneau-de-signalisation-forest\\\/\"]}]},{\"@type\":\"BreadcrumbList\",\"@id\":\"https:\\\/\\\/imbrechts.be\\\/fr\\\/location-panneau-de-signalisation-forest\\\/#breadcrumb\",\"itemListElement\":[{\"@type\":\"ListItem\",\"position\":1,\"name\":\"Home\",\"item\":\"https:\\\/\\\/imbrechts.be\\\/fr\\\/\"},{\"@type\":\"ListItem\",\"position\":2,\"name\":\"Location panneau de signalisation Forest\"}]},{\"@type\":\"WebSite\",\"@id\":\"https:\\\/\\\/imbrechts.be\\\/fr\\\/#website\",\"url\":\"https:\\\/\\\/imbrechts.be\\\/fr\\\/\",\"name\":\"louer des panneaux de signalisation\",\"description\":\"louer des panneaux de signalisation\",\"potentialAction\":[{\"@type\":\"SearchAction\",\"target\":{\"@type\":\"EntryPoint\",\"urlTemplate\":\"https:\\\/\\\/imbrechts.be\\\/fr\\\/?s={search_term_string}\"},\"query-input\":{\"@type\":\"PropertyValueSpecification\",\"valueRequired\":true,\"valueName\":\"search_term_string\"}}],\"inLanguage\":\"nl-NL\"}]}<\/script>\n<!-- \/ Yoast SEO plugin. -->","yoast_head_json":{"title":"Panneaux de signalisation - Panneaux de stationement - Forest","description":"Voulez-vous louer des panneaux de signalisation \u00e0 Forest? Location panneaux de signalisation, panneaux de stationement, signalisation routier\u00e8.","robots":{"index":"index","follow":"follow","max-snippet":"max-snippet:-1","max-image-preview":"max-image-preview:large","max-video-preview":"max-video-preview:-1"},"canonical":"https:\/\/imbrechts.be\/fr\/location-panneau-de-signalisation-forest\/","og_locale":"nl_NL","og_type":"article","og_title":"Panneaux de signalisation - Panneaux de stationement - Forest","og_description":"Voulez-vous louer des panneaux de signalisation \u00e0 Forest? Location panneaux de signalisation, panneaux de stationement, signalisation routier\u00e8.","og_url":"https:\/\/imbrechts.be\/fr\/location-panneau-de-signalisation-forest\/","og_site_name":"louer des panneaux de signalisation","twitter_card":"summary_large_image","twitter_misc":{"Geschatte leestijd":"2 minuten"},"schema":{"@context":"https:\/\/schema.org","@graph":[{"@type":"WebPage","@id":"https:\/\/imbrechts.be\/fr\/location-panneau-de-signalisation-forest\/","url":"https:\/\/imbrechts.be\/fr\/location-panneau-de-signalisation-forest\/","name":"Panneaux de signalisation - Panneaux de stationement - Forest","isPartOf":{"@id":"https:\/\/imbrechts.be\/fr\/#website"},"datePublished":"2023-08-29T19:09:33+00:00","description":"Voulez-vous louer des panneaux de signalisation \u00e0 Forest? Location panneaux de signalisation, panneaux de stationement, signalisation routier\u00e8.","breadcrumb":{"@id":"https:\/\/imbrechts.be\/fr\/location-panneau-de-signalisation-forest\/#breadcrumb"},"inLanguage":"nl-NL","potentialAction":[{"@type":"ReadAction","target":["https:\/\/imbrechts.be\/fr\/location-panneau-de-signalisation-forest\/"]}]},{"@type":"BreadcrumbList","@id":"https:\/\/imbrechts.be\/fr\/location-panneau-de-signalisation-forest\/#breadcrumb","itemListElement":[{"@type":"ListItem","position":1,"name":"Home","item":"https:\/\/imbrechts.be\/fr\/"},{"@type":"ListItem","position":2,"name":"Location panneau de signalisation Forest"}]},{"@type":"WebSite","@id":"https:\/\/imbrechts.be\/fr\/#website","url":"https:\/\/imbrechts.be\/fr\/","name":"louer des panneaux de signalisation","description":"louer des panneaux de signalisation","potentialAction":[{"@type":"SearchAction","target":{"@type":"EntryPoint","urlTemplate":"https:\/\/imbrechts.be\/fr\/?s={search_term_string}"},"query-input":{"@type":"PropertyValueSpecification","valueRequired":true,"valueName":"search_term_string"}}],"inLanguage":"nl-NL"}]}},"_links":{"self":[{"href":"https:\/\/imbrechts.be\/fr\/wp-json\/wp\/v2\/pages\/754","targetHints":{"allow":["GET"]}}],"collection":[{"href":"https:\/\/imbrechts.be\/fr\/wp-json\/wp\/v2\/pages"}],"about":[{"href":"https:\/\/imbrechts.be\/fr\/wp-json\/wp\/v2\/types\/page"}],"author":[{"embeddable":true,"href":"https:\/\/imbrechts.be\/fr\/wp-json\/wp\/v2\/users\/1"}],"replies":[{"embeddable":true,"href":"https:\/\/imbrechts.be\/fr\/wp-json\/wp\/v2\/comments?post=754"}],"version-history":[{"count":0,"href":"https:\/\/imbrechts.be\/fr\/wp-json\/wp\/v2\/pages\/754\/revisions"}],"wp:attachment":[{"href":"https:\/\/imbrechts.be\/fr\/wp-json\/wp\/v2\/media?parent=754"}],"curies":[{"name":"wp","href":"https:\/\/api.w.org\/{rel}","templated":true}]}}